{"id":2,"date":"2026-03-11T22:41:54","date_gmt":"2026-03-11T21:41:54","guid":{"rendered":"http:\/\/localhost\/waynasoft\/?page_id=2"},"modified":"2026-03-25T17:05:20","modified_gmt":"2026-03-25T16:05:20","slug":"nosotros","status":"publish","type":"page","link":"https:\/\/waynasoft.com.bo\/waynasoft\/nosotros\/","title":{"rendered":"Nosotros"},"content":{"rendered":"\t\t<div data-elementor-type=\"wp-page\" data-elementor-id=\"2\" class=\"elementor elementor-2\" data-elementor-post-type=\"page\">\n\t\t\t\t<div class=\"elementor-element elementor-element-50c2179 e-flex e-con-boxed e-con e-parent\" data-id=\"50c2179\" data-element_type=\"container\" data-e-type=\"container\">\n\t\t\t\t\t<div class=\"e-con-inner\">\n\t\t<div class=\"elementor-element elementor-element-e658ec9 e-grid e-con-full e-con e-child\" data-id=\"e658ec9\" data-element_type=\"container\" data-e-type=\"container\">\n\t\t\t\t<div class=\"elementor-element elementor-element-2a655de elementor-widget elementor-widget-image\" data-id=\"2a655de\" data-element_type=\"widget\" data-e-type=\"widget\" data-widget_type=\"image.default\">\n\t\t\t\t\t\t\t\t\t\t\t\t\t\t\t<img fetchpriority=\"high\" decoding=\"async\" width=\"800\" height=\"457\" src=\"https:\/\/waynasoft.com.bo\/waynasoft\/wp-content\/uploads\/2026\/03\/Floyo_00020_.png\" class=\"attachment-large size-large wp-image-328\" alt=\"\" \/>\t\t\t\t\t\t\t\t\t\t\t\t\t\t\t<\/div>\n\t\t\t\t<div class=\"elementor-element elementor-element-9bd0c0d elementor-widget elementor-widget-text-editor\" data-id=\"9bd0c0d\" data-element_type=\"widget\" data-e-type=\"widget\" data-widget_type=\"text-editor.default\">\n\t\t\t\t\t\t\t\t\t<p data-start=\"0\" data-end=\"486\"><strong data-start=\"0\" data-end=\"13\">Waynasoft<\/strong> es una empresa orientada a la innovaci\u00f3n tecnol\u00f3gica que se posiciona como un aliado estrat\u00e9gico para organizaciones que buscan optimizar sus procesos mediante soluciones digitales modernas. Bajo el liderazgo de su CEO, <strong data-start=\"234\" data-end=\"257\">Roberto Espejo Ayca<\/strong>, la compa\u00f1\u00eda ha consolidado una visi\u00f3n centrada en la transformaci\u00f3n digital, ofreciendo servicios de desarrollo de software, soporte t\u00e9cnico y capacitaci\u00f3n tecnol\u00f3gica adaptados a las necesidades del entorno empresarial actual.<\/p><p data-start=\"488\" data-end=\"993\">La filosof\u00eda de Waynasoft se basa en tres pilares fundamentales: <strong data-start=\"553\" data-end=\"591\">innovaci\u00f3n, eficiencia y confianza<\/strong>. A trav\u00e9s de un equipo profesional comprometido con la calidad, la empresa desarrolla soluciones que permiten a las organizaciones mejorar su productividad, fortalecer su infraestructura tecnol\u00f3gica y mantenerse competitivas en un mercado cada vez m\u00e1s digitalizado. Cada proyecto es concebido como una oportunidad para crear valor real para los clientes, integrando tecnolog\u00eda, dise\u00f1o y funcionalidad.<\/p>\t\t\t\t\t\t\t\t<\/div>\n\t\t\t\t<\/div>\n\t\t\t\t\t<\/div>\n\t\t\t\t<\/div>\n\t\t\t\t<\/div>\n\t\t","protected":false},"excerpt":{"rendered":"<p>Waynasoft es una empresa orientada a la innovaci\u00f3n tecnol\u00f3gica que se posiciona como un aliado estrat\u00e9gico para organizaciones que buscan optimizar sus procesos mediante soluciones digitales modernas. Bajo el liderazgo de su CEO, Roberto Espejo Ayca, la compa\u00f1\u00eda ha consolidado una visi\u00f3n centrada en la transformaci\u00f3n digital, ofreciendo servicios de desarrollo de software, soporte t\u00e9cnico [&hellip;]<\/p>\n","protected":false},"author":1,"featured_media":0,"parent":0,"menu_order":0,"comment_status":"closed","ping_status":"closed","template":"","meta":{"footnotes":""},"class_list":["post-2","page","type-page","status-publish","hentry"],"_links":{"self":[{"href":"https:\/\/waynasoft.com.bo\/waynasoft\/wp-json\/wp\/v2\/pages\/2","targetHints":{"allow":["GET"]}}],"collection":[{"href":"https:\/\/waynasoft.com.bo\/waynasoft\/wp-json\/wp\/v2\/pages"}],"about":[{"href":"https:\/\/waynasoft.com.bo\/waynasoft\/wp-json\/wp\/v2\/types\/page"}],"author":[{"embeddable":true,"href":"https:\/\/waynasoft.com.bo\/waynasoft\/wp-json\/wp\/v2\/users\/1"}],"replies":[{"embeddable":true,"href":"https:\/\/waynasoft.com.bo\/waynasoft\/wp-json\/wp\/v2\/comments?post=2"}],"version-history":[{"count":17,"href":"https:\/\/waynasoft.com.bo\/waynasoft\/wp-json\/wp\/v2\/pages\/2\/revisions"}],"predecessor-version":[{"id":593,"href":"https:\/\/waynasoft.com.bo\/waynasoft\/wp-json\/wp\/v2\/pages\/2\/revisions\/593"}],"wp:attachment":[{"href":"https:\/\/waynasoft.com.bo\/waynasoft\/wp-json\/wp\/v2\/media?parent=2"}],"curies":[{"name":"wp","href":"https:\/\/api.w.org\/{rel}","templated":true}]}}